{"id":333,"date":"2015-09-21T21:56:04","date_gmt":"2015-09-21T21:56:04","guid":{"rendered":"https:\/\/aceitunassalinas.com\/?page_id=333"},"modified":"2023-10-31T11:54:21","modified_gmt":"2023-10-31T11:54:21","slug":"contacto","status":"publish","type":"page","link":"https:\/\/aceitunassalinas.com\/de\/contacto\/","title":{"rendered":"Kontakt"},"content":{"rendered":"<div class=\"wpb-content-wrapper\"><p>[vc_row][vc_column]<div id='wrap_map_69e393429923f' class='ultimate-map-wrapper ult-adjust-bottom-margin ' style=' height:300px;'><div id='map_69e393429923f' data-map_override='0' class='ultimate_google_map wpb_content_element 0' style='width:100%;height:300px;'><\/div><\/div><script type='text\/javascript'>\n\t\t\t(function($) {\n  \t\t\t'use strict';\n\t\t\tvar map_map_69e393429923f = null;\n\t\t\tvar coordinate_map_69e393429923f;\n\t\t\tvar isDraggable = $(document).width() > 641 ? 'true' : 'true';\n\t\t\ttry\n\t\t\t{\n\t\t\t\tvar map_map_69e393429923f = null;\n\t\t\t\tvar coordinate_map_69e393429923f;\n\t\t\t\tcoordinate_map_69e393429923f = new google.maps.LatLng(38.0996935, -0.8040064);\n\t\t\t\tvar mapOptions=\n\t\t\t\t{\n\t\t\t\t\tzoom: 16,\n\t\t\t\t\tcenter: coordinate_map_69e393429923f,\n\t\t\t\t\tscaleControl: true,\n\t\t\t\t\tstreetViewControl: false,\n\t\t\t\t\tmapTypeControl: false,\n\t\t\t\t\tpanControl: false,\n\t\t\t\t\tzoomControl: false,\n\t\t\t\t\tscrollwheel: true,\n\t\t\t\t\tdraggable: isDraggable,\n\t\t\t\t\tzoomControlOptions: {\n\t\t\t\t\t\tposition: google.maps.ControlPosition.right_bottom\n\t\t\t\t\t},mapTypeId: google.maps.MapTypeId.roadmap,};var map_map_69e393429923f = new google.maps.Map(document.getElementById('map_69e393429923f'),mapOptions);\n\t\t\t\t\t\tvar x = 'infowindow_open_value';\n\t\t\t\t\t\tvar marker_map_69e393429923f = new google.maps.Marker({\n\t\t\t\t\t\tposition: new google.maps.LatLng('38.0996935', '-0.8040064'),\n\t\t\t\t\t\tanimation:  google.maps.Animation.DROP,\n\t\t\t\t\t\tmap: map_map_69e393429923f,\n\t\t\t\t\t\ticon: 'https:\/\/aceitunassalinas.com\/wp-content\/uploads\/2015\/09\/icono-geo.png'\n\t\t\t\t\t});\tgoogle.maps.event.addListener(marker_map_69e393429923f, 'click', toggleBounce);var infowindow = new google.maps.InfoWindow();\n\t\t\t\t\t\t\tinfowindow.setContent('<div class=\"map_info_text\" style=\\'color:#000;\\'><\/p> <h3 style=\"text-align: center;color: #9ea166\"><strong>Aceitunas Salinas<\/strong><\/h3> <hr \/> <p style=\"text-align: center;color: #9ea166;font-size: 14px\"><i class=\"fa fa-map-marker\"><\/i> Avenida El Ba\u00f1et 28 03160 Almorad\u00ed<\/p> <p style=\"text-align: center;color: #9ea166;font-size: 14px\"><i class=\"fa fa-envelope\"><\/i> info@aceitunassalinas.com<\/p> <p style=\"text-align: center;color: #9ea166;font-size: 14px\"><i class=\"fa fa-phone-square\"><\/i> + 34 696 92 17 59<\/p> <p>\u00a0<\/div>');google.maps.event.addListener(marker_map_69e393429923f, 'click', function() {\n\t\t\t\t\t\t\t\tinfowindow.open(map_map_69e393429923f,marker_map_69e393429923f);\n\t\t\t\t\t\t  \t});}\n\t\t\tcatch(e){};\n\t\t\tjQuery(document).ready(function($){\n\t\t\t\tgoogle.maps.event.trigger(map_map_69e393429923f, 'resize');\n\t\t\t\t$(window).on('resize', function(){\n\t\t\t\t\tgoogle.maps.event.trigger(map_map_69e393429923f, 'resize');\n\t\t\t\t\tif(map_map_69e393429923f!=null)\n\t\t\t\t\t\tmap_map_69e393429923f.setCenter(coordinate_map_69e393429923f);\n\t\t\t\t});\n\t\t\t\t$('.ui-tabs').on('tabsactivate', function(event, ui) {\n\t\t\t\t   if($(this).find('.ultimate-map-wrapper').length > 0)\n\t\t\t\t\t{\n\t\t\t\t\t\tsetTimeout(function(){\n\t\t\t\t\t\t\t$(window).trigger('resize');\n\t\t\t\t\t\t},200);\n\t\t\t\t\t}\n\t\t\t\t});\n\t\t\t\t$('.ui-accordion').on('accordionactivate', function(event, ui) {\n\t\t\t\t   if($(this).find('.ultimate-map-wrapper').length > 0)\n\t\t\t\t\t{\n\t\t\t\t\t\tsetTimeout(function(){\n\t\t\t\t\t\t\t$(window).trigger('resize');\n\t\t\t\t\t\t},200);\n\t\t\t\t\t}\n\t\t\t\t});\n\t\t\t\t$(window).on('load',function(){\n\t\t\t\t\tsetTimeout(function(){\n\t\t\t\t\t\t$(window).trigger('resize');\n\t\t\t\t\t},200);\n\t\t\t\t});\n\t\t\t\t$('.ult_exp_section').on('select', function(){\n\t\t\t\t\tif($(map_map_69e393429923f).parents('.ult_exp_section'))\n\t\t\t\t\t{\n\t\t\t\t\t\tsetTimeout(function(){\n\t\t\t\t\t\t\t$(window).trigger('resize');\n\t\t\t\t\t\t},200);\n\t\t\t\t\t}\n\t\t\t\t});\n\t\t\t\t$(document).on('onUVCModalPopupOpen', function(){\n\t\t\t\t\tif($(map_map_69e393429923f).parents('.ult_modal-content'))\n\t\t\t\t\t{\n\t\t\t\t\t\tsetTimeout(function(){\n\t\t\t\t\t\t\t$(window).trigger('resize');\n\t\t\t\t\t\t},200);\n\t\t\t\t\t}\n\t\t\t\t});\n\t\t\t\t$(document).on('click','.ult_tab_li',function(){\n\t\t\t\t\t$(window).trigger('resize');\n\t\t\t\t\tsetTimeout(function(){\n\t\t\t\t\t\t$(window).trigger('resize');\n\t\t\t\t\t},200);\n\t\t\t\t});\n\t\t\t});\n\t\t\tfunction toggleBounce() {\n\t\t\t  if (marker_map_69e393429923f.getAnimation() != null) {\n\t\t\t\tmarker_map_69e393429923f.setAnimation(null);\n\t\t\t  } else {\n\t\t\t\tmarker_map_69e393429923f.setAnimation(google.maps.Animation.BOUNCE);\n\t\t\t  }\n\t\t\t}\n\t\t\t})(jQuery);\n\t\t\t<\/script>[vc_column_text]<\/p>\n<h4>Kontakt<\/h4>\n<div class=\"wpcf7 no-js\" id=\"wpcf7-f12-o3\" lang=\"es-ES\" dir=\"ltr\" data-wpcf7-id=\"12\">\n<div class=\"screen-reader-response\"><p role=\"status\" aria-live=\"polite\" aria-atomic=\"true\"><\/p> <ul><\/ul><\/div>\n<form action=\"\/de\/wp-json\/wp\/v2\/pages\/333#wpcf7-f12-o3\" method=\"post\" class=\"wpcf7-form init\" aria-label=\"Formulario de contacto\" novalidate=\"novalidate\" data-status=\"init\">\n<fieldset class=\"hidden-fields-container\"><input type=\"hidden\" name=\"_wpcf7\" value=\"12\" \/><input type=\"hidden\" name=\"_wpcf7_version\" value=\"6.1.5\" \/><input type=\"hidden\" name=\"_wpcf7_locale\" value=\"es_ES\" \/><input type=\"hidden\" name=\"_wpcf7_unit_tag\" value=\"wpcf7-f12-o3\" \/><input type=\"hidden\" name=\"_wpcf7_container_post\" value=\"0\" \/><input type=\"hidden\" name=\"_wpcf7_posted_data_hash\" value=\"\" \/>\n<\/fieldset>\n<p><label><i class=\"fa fa-user\"><\/i><\/label><span class=\"wpcf7-form-control-wrap\" data-name=\"your-name\"><input size=\"40\" maxlength=\"400\" class=\"wpcf7-form-control wpcf7-text wpcf7-validates-as-required\" aria-required=\"true\" aria-invalid=\"false\" placeholder=\"Su nombre\" value=\"\" type=\"text\" name=\"your-name\" \/><\/span>\n<\/p>\n<p><label><i class=\"fa fa-envelope-o\"><\/i><\/label><span class=\"wpcf7-form-control-wrap\" data-name=\"your-email\"><input size=\"40\" maxlength=\"400\" class=\"wpcf7-form-control wpcf7-email wpcf7-validates-as-required wpcf7-text wpcf7-validates-as-email\" aria-required=\"true\" aria-invalid=\"false\" placeholder=\"Su Email\" value=\"\" type=\"email\" name=\"your-email\" \/><\/span>\n<\/p>\n<p><label><i class=\"fa fa-phone\"><\/i><\/label><span class=\"wpcf7-form-control-wrap\" data-name=\"your-phone\"><input size=\"40\" maxlength=\"400\" class=\"wpcf7-form-control wpcf7-text\" aria-invalid=\"false\" placeholder=\"Su tel\u00e9fono\" value=\"\" type=\"text\" name=\"your-phone\" \/><\/span>\n<\/p>\n<p><label><i class=\"fa fa-pencil-square-o\"><\/i><\/label><span class=\"wpcf7-form-control-wrap\" data-name=\"your-message\"><textarea cols=\"40\" rows=\"10\" maxlength=\"2000\" class=\"wpcf7-form-control wpcf7-textarea\" aria-invalid=\"false\" placeholder=\"Deje su mensaje\" name=\"your-message\"><\/textarea><\/span>\n<\/p>\n<p><input type=\"hidden\" name=\"_wpcf7_captcha_challenge_captcha-410\" value=\"3304248726\" \/><img loading=\"lazy\" decoding=\"async\" class=\"wpcf7-form-control wpcf7-captchac wpcf7-captcha-captcha-410\" width=\"72\" height=\"24\" alt=\"captcha\" src=\"https:\/\/aceitunassalinas.com\/wp-content\/uploads\/wpcf7_captcha\/3304248726.png\" \/><span class=\"wpcf7-form-control-wrap\" data-name=\"captcha-410\"><input size=\"40\" class=\"wpcf7-form-control wpcf7-captchar\" autocomplete=\"off\" aria-invalid=\"false\" placeholder=\"Introduzca los caracteres anteriores\" value=\"\" type=\"text\" name=\"captcha-410\" \/><\/span>\n<\/p>\n<p><input class=\"wpcf7-form-control wpcf7-submit has-spinner\" type=\"submit\" value=\"ENVIAR\" \/>\n<\/p>\n<p> Si lo prefieres, puedes ponerte tambi\u00e9n en contacto con nosotros a trav\u00e9s del siguiente tel\u00e9fono:\n<\/p>\n<p style=\"text-align: center;\"><i class=\"fa fa-phone\"><\/i> +34 &#54;&#57;&#54; &#57;&#50; &#49;&#55; &#53;&#57;\n<\/p><p style=\"display: none !important;\" class=\"akismet-fields-container\" data-prefix=\"_wpcf7_ak_\"><label>&#916;<textarea name=\"_wpcf7_ak_hp_textarea\" cols=\"45\" rows=\"8\" maxlength=\"100\"><\/textarea><\/label><input type=\"hidden\" id=\"ak_js_3\" name=\"_wpcf7_ak_js\" value=\"52\"\/><script>document.getElementById( \"ak_js_3\" ).setAttribute( \"value\", ( new Date() ).getTime() );<\/script><\/p><div class=\"wpcf7-response-output\" aria-hidden=\"true\"><\/div>\n<\/form>\n<\/div>\n[\/vc_column_text][\/vc_column][\/vc_row]<\/p>\n<\/div>","protected":false},"excerpt":{"rendered":"<p>[vc_row][vc_column][vc_column_text] Kontakt [\/vc_column_text][\/vc_column][\/vc_row]<\/p>\n","protected":false},"author":1,"featured_media":0,"parent":0,"menu_order":0,"comment_status":"closed","ping_status":"open","template":"","meta":{"footnotes":""},"class_list":["post-333","page","type-page","status-publish","hentry"],"yoast_head":"<!-- This site is optimized with the Yoast SEO plugin v27.0 - https:\/\/yoast.com\/product\/yoast-seo-wordpress\/ -->\n<title>Kontakt - Aceitunas Salinas<\/title>\n<meta name=\"robots\" content=\"index, follow, max-snippet:-1, max-image-preview:large, max-video-preview:-1\" \/>\n<link rel=\"canonical\" href=\"https:\/\/aceitunassalinas.com\/de\/contacto\/\" \/>\n<meta property=\"og:locale\" content=\"de_DE\" \/>\n<meta property=\"og:type\" content=\"article\" \/>\n<meta property=\"og:title\" content=\"Kontakt - Aceitunas Salinas\" \/>\n<meta property=\"og:description\" content=\"[vc_row][vc_column][vc_column_text] Kontakt [\/vc_column_text][\/vc_column][\/vc_row]\" \/>\n<meta property=\"og:url\" content=\"https:\/\/aceitunassalinas.com\/de\/contacto\/\" \/>\n<meta property=\"og:site_name\" content=\"Aceitunas Salinas\" \/>\n<meta property=\"article:modified_time\" content=\"2023-10-31T11:54:21+00:00\" \/>\n<meta name=\"twitter:card\" content=\"summary_large_image\" \/>\n<meta name=\"twitter:label1\" content=\"Gesch\u00e4tzte Lesezeit\" \/>\n\t<meta name=\"twitter:data1\" content=\"1\u00a0Minute\" \/>\n<script type=\"application\/ld+json\" class=\"yoast-schema-graph\">{\"@context\":\"https:\/\/schema.org\",\"@graph\":[{\"@type\":\"WebPage\",\"@id\":\"https:\/\/aceitunassalinas.com\/de\/contacto\/\",\"url\":\"https:\/\/aceitunassalinas.com\/de\/contacto\/\",\"name\":\"Kontakt - Aceitunas Salinas\",\"isPartOf\":{\"@id\":\"https:\/\/aceitunassalinas.com\/de\/#website\"},\"datePublished\":\"2015-09-21T21:56:04+00:00\",\"dateModified\":\"2023-10-31T11:54:21+00:00\",\"breadcrumb\":{\"@id\":\"https:\/\/aceitunassalinas.com\/de\/contacto\/#breadcrumb\"},\"inLanguage\":\"de\",\"potentialAction\":[{\"@type\":\"ReadAction\",\"target\":[[\"https:\/\/aceitunassalinas.com\/de\/contacto\/\"]]}]},{\"@type\":\"BreadcrumbList\",\"@id\":\"https:\/\/aceitunassalinas.com\/de\/contacto\/#breadcrumb\",\"itemListElement\":[{\"@type\":\"ListItem\",\"position\":1,\"name\":\"Portada\",\"item\":\"https:\/\/aceitunassalinas.com\/de\/\"},{\"@type\":\"ListItem\",\"position\":2,\"name\":\"Contacto\"}]},{\"@type\":\"WebSite\",\"@id\":\"https:\/\/aceitunassalinas.com\/de\/#website\",\"url\":\"https:\/\/aceitunassalinas.com\/de\/\",\"name\":\"Aceitunas Salinas\",\"description\":\"Las Aceitunas m\u00e1s Selectas de Andaluc\u00eda\",\"publisher\":{\"@id\":\"https:\/\/aceitunassalinas.com\/de\/#organization\"},\"potentialAction\":[{\"@type\":\"SearchAction\",\"target\":{\"@type\":\"EntryPoint\",\"urlTemplate\":\"https:\/\/aceitunassalinas.com\/de\/?s={search_term_string}\"},\"query-input\":{\"@type\":\"PropertyValueSpecification\",\"valueRequired\":true,\"valueName\":\"search_term_string\"}}],\"inLanguage\":\"de\"},{\"@type\":\"Organization\",\"@id\":\"https:\/\/aceitunassalinas.com\/de\/#organization\",\"name\":\"Aceitunas Salinas\",\"url\":\"https:\/\/aceitunassalinas.com\/de\/\",\"logo\":{\"@type\":\"ImageObject\",\"inLanguage\":\"de\",\"@id\":\"https:\/\/aceitunassalinas.com\/de\/#\/schema\/logo\/image\/\",\"url\":\"https:\/\/aceitunassalinas.com\/wp-content\/uploads\/2015\/07\/logo-aceitunas-salinas.png\",\"contentUrl\":\"https:\/\/aceitunassalinas.com\/wp-content\/uploads\/2015\/07\/logo-aceitunas-salinas.png\",\"width\":250,\"height\":76,\"caption\":\"Aceitunas Salinas\"},\"image\":{\"@id\":\"https:\/\/aceitunassalinas.com\/de\/#\/schema\/logo\/image\/\"}}]}<\/script>\n<!-- \/ Yoast SEO plugin. -->","yoast_head_json":{"title":"Kontakt - Aceitunas Salinas","robots":{"index":"index","follow":"follow","max-snippet":"max-snippet:-1","max-image-preview":"max-image-preview:large","max-video-preview":"max-video-preview:-1"},"canonical":"https:\/\/aceitunassalinas.com\/de\/contacto\/","og_locale":"de_DE","og_type":"article","og_title":"Kontakt - Aceitunas Salinas","og_description":"[vc_row][vc_column][vc_column_text] Kontakt [\/vc_column_text][\/vc_column][\/vc_row]","og_url":"https:\/\/aceitunassalinas.com\/de\/contacto\/","og_site_name":"Aceitunas Salinas","article_modified_time":"2023-10-31T11:54:21+00:00","twitter_card":"summary_large_image","twitter_misc":{"Gesch\u00e4tzte Lesezeit":"1\u00a0Minute"},"schema":{"@context":"https:\/\/schema.org","@graph":[{"@type":"WebPage","@id":"https:\/\/aceitunassalinas.com\/de\/contacto\/","url":"https:\/\/aceitunassalinas.com\/de\/contacto\/","name":"Kontakt - Aceitunas Salinas","isPartOf":{"@id":"https:\/\/aceitunassalinas.com\/de\/#website"},"datePublished":"2015-09-21T21:56:04+00:00","dateModified":"2023-10-31T11:54:21+00:00","breadcrumb":{"@id":"https:\/\/aceitunassalinas.com\/de\/contacto\/#breadcrumb"},"inLanguage":"de","potentialAction":[{"@type":"ReadAction","target":[["https:\/\/aceitunassalinas.com\/de\/contacto\/"]]}]},{"@type":"BreadcrumbList","@id":"https:\/\/aceitunassalinas.com\/de\/contacto\/#breadcrumb","itemListElement":[{"@type":"ListItem","position":1,"name":"Portada","item":"https:\/\/aceitunassalinas.com\/de\/"},{"@type":"ListItem","position":2,"name":"Contacto"}]},{"@type":"WebSite","@id":"https:\/\/aceitunassalinas.com\/de\/#website","url":"https:\/\/aceitunassalinas.com\/de\/","name":"Aceitunas Salinas","description":"Las Aceitunas m\u00e1s Selectas de Andaluc\u00eda","publisher":{"@id":"https:\/\/aceitunassalinas.com\/de\/#organization"},"potentialAction":[{"@type":"SearchAction","target":{"@type":"EntryPoint","urlTemplate":"https:\/\/aceitunassalinas.com\/de\/?s={search_term_string}"},"query-input":{"@type":"PropertyValueSpecification","valueRequired":true,"valueName":"search_term_string"}}],"inLanguage":"de"},{"@type":"Organization","@id":"https:\/\/aceitunassalinas.com\/de\/#organization","name":"Aceitunas Salinas","url":"https:\/\/aceitunassalinas.com\/de\/","logo":{"@type":"ImageObject","inLanguage":"de","@id":"https:\/\/aceitunassalinas.com\/de\/#\/schema\/logo\/image\/","url":"https:\/\/aceitunassalinas.com\/wp-content\/uploads\/2015\/07\/logo-aceitunas-salinas.png","contentUrl":"https:\/\/aceitunassalinas.com\/wp-content\/uploads\/2015\/07\/logo-aceitunas-salinas.png","width":250,"height":76,"caption":"Aceitunas Salinas"},"image":{"@id":"https:\/\/aceitunassalinas.com\/de\/#\/schema\/logo\/image\/"}}]}},"_links":{"self":[{"href":"https:\/\/aceitunassalinas.com\/de\/wp-json\/wp\/v2\/pages\/333","targetHints":{"allow":["GET"]}}],"collection":[{"href":"https:\/\/aceitunassalinas.com\/de\/wp-json\/wp\/v2\/pages"}],"about":[{"href":"https:\/\/aceitunassalinas.com\/de\/wp-json\/wp\/v2\/types\/page"}],"author":[{"embeddable":true,"href":"https:\/\/aceitunassalinas.com\/de\/wp-json\/wp\/v2\/users\/1"}],"replies":[{"embeddable":true,"href":"https:\/\/aceitunassalinas.com\/de\/wp-json\/wp\/v2\/comments?post=333"}],"version-history":[{"count":6,"href":"https:\/\/aceitunassalinas.com\/de\/wp-json\/wp\/v2\/pages\/333\/revisions"}],"predecessor-version":[{"id":1023,"href":"https:\/\/aceitunassalinas.com\/de\/wp-json\/wp\/v2\/pages\/333\/revisions\/1023"}],"wp:attachment":[{"href":"https:\/\/aceitunassalinas.com\/de\/wp-json\/wp\/v2\/media?parent=333"}],"curies":[{"name":"wp","href":"https:\/\/api.w.org\/{rel}","templated":true}]}}