{"id":117,"date":"2015-09-07T14:13:52","date_gmt":"2015-09-07T14:13:52","guid":{"rendered":"https:\/\/aceitunassalinas.com\/?post_type=product&#038;p=117"},"modified":"2026-02-20T16:23:10","modified_gmt":"2026-02-20T16:23:10","slug":"aceitunas-del-cuquillo","status":"publish","type":"product","link":"https:\/\/aceitunassalinas.com\/de\/tienda\/aceitunas-con-hueso\/aceitunas-del-cuquillo\/","title":{"rendered":"Aceitunas del Cuquillo"},"content":{"rendered":"<p>Aceituna del Cuquillo cultivada en la Sierra de Moratalla, al Norte de Murcia. El agua con la que se macera esta aceituna se recoge del manantial de la \u201cFuente de Arriba\u201d situada en el pueblo de Benizar (Moratalla). De esta misma Sierra se recoge el tomillo con el que se aderezan las aceitunas consiguiendo un producto artesanal y t\u00edpico de esta tierra. Pertenece al grupo de aceitunas negras, aunque su color es m\u00e1s bien morado. Es una aceituna peque\u00f1a en comparaci\u00f3n con otras variedades pero su intenso sabor que recuerda al tomillo es inconfundible. Acompa\u00f1ante indispensable que da un toque especial de color y sabor en ensaladas y platos, especial para platos selectos y elaborados. <\/p>","protected":false},"excerpt":{"rendered":"<p>Aceituna del Cuquillo cultivada en la Sierra de Moratalla, al Norte de Murcia. El agua con la que se macera esta aceituna se recoge del manantial de la \u201cFuente de Arriba\u201d situada en el pueblo de Benizar (Moratalla). De esta misma Sierra se recoge el tomillo con el que se aderezan las aceitunas consiguiendo un producto artesanal y t\u00edpico de esta tierra. Pertenece al grupo de aceitunas negras, aunque su color es m\u00e1s bien morado. Es una aceituna peque\u00f1a en comparaci\u00f3n con otras variedades pero su intenso sabor que recuerda al tomillo es inconfundible. Acompa\u00f1ante indispensable que da un toque especial de color y sabor en ensaladas y platos, especial para platos selectos y elaborados.<\/p>\n","protected":false},"featured_media":121,"comment_status":"open","ping_status":"closed","template":"","meta":[],"product_brand":[],"product_cat":[13],"product_tag":[16,40,41],"class_list":{"0":"post-117","1":"product","2":"type-product","3":"status-publish","4":"has-post-thumbnail","6":"product_cat-aceitunas-con-hueso","7":"product_tag-aceitunas-con-hueso","8":"product_tag-aceitunas-del-cuquillo","9":"product_tag-cuquillo","10":"product_shipping_class-envio-estandar","11":"pif-has-gallery","13":"first","14":"instock","15":"taxable","16":"shipping-taxable","17":"purchasable","18":"product-type-variable"},"yoast_head":"<!-- This site is optimized with the Yoast SEO plugin v27.0 - https:\/\/yoast.com\/product\/yoast-seo-wordpress\/ -->\n<title>Aceitunas del Cuquillo - Aceitunas Salinas<\/title>\n<meta name=\"robots\" content=\"index, follow, max-snippet:-1, max-image-preview:large, max-video-preview:-1\" \/>\n<link rel=\"canonical\" href=\"https:\/\/aceitunassalinas.com\/de\/tienda\/aceitunas-con-hueso\/aceitunas-del-cuquillo\/\" \/>\n<meta property=\"og:locale\" content=\"de_DE\" \/>\n<meta property=\"og:type\" content=\"article\" \/>\n<meta property=\"og:title\" content=\"Aceitunas del Cuquillo - Aceitunas Salinas\" \/>\n<meta property=\"og:description\" content=\"Aceituna del Cuquillo cultivada en la Sierra de Moratalla, al Norte de Murcia. El agua con la que se macera esta aceituna se recoge del manantial de la \u201cFuente de Arriba\u201d situada en el pueblo de Benizar (Moratalla). De esta misma Sierra se recoge el tomillo con el que se aderezan las aceitunas consiguiendo un producto artesanal y t\u00edpico de esta tierra. Pertenece al grupo de aceitunas negras, aunque su color es m\u00e1s bien morado. Es una aceituna peque\u00f1a en comparaci\u00f3n con otras variedades pero su intenso sabor que recuerda al tomillo es inconfundible. Acompa\u00f1ante indispensable que da un toque especial de color y sabor en ensaladas y platos, especial para platos selectos y elaborados.\" \/>\n<meta property=\"og:url\" content=\"https:\/\/aceitunassalinas.com\/de\/tienda\/aceitunas-con-hueso\/aceitunas-del-cuquillo\/\" \/>\n<meta property=\"og:site_name\" content=\"Aceitunas Salinas\" \/>\n<meta property=\"article:modified_time\" content=\"2026-02-20T16:23:10+00:00\" \/>\n<meta property=\"og:image\" content=\"https:\/\/aceitunassalinas.com\/wp-content\/uploads\/2015\/09\/aceitunas-cuquillo.jpg\" \/>\n\t<meta property=\"og:image:width\" content=\"600\" \/>\n\t<meta property=\"og:image:height\" content=\"450\" \/>\n\t<meta property=\"og:image:type\" content=\"image\/jpeg\" \/>\n<meta name=\"twitter:card\" content=\"summary_large_image\" \/>\n<meta name=\"twitter:label1\" content=\"Gesch\u00e4tzte Lesezeit\" \/>\n\t<meta name=\"twitter:data1\" content=\"1\u00a0Minute\" \/>\n<script type=\"application\/ld+json\" class=\"yoast-schema-graph\">{\"@context\":\"https:\/\/schema.org\",\"@graph\":[{\"@type\":\"WebPage\",\"@id\":\"https:\/\/aceitunassalinas.com\/de\/tienda\/aceitunas-con-hueso\/aceitunas-del-cuquillo\/\",\"url\":\"https:\/\/aceitunassalinas.com\/de\/tienda\/aceitunas-con-hueso\/aceitunas-del-cuquillo\/\",\"name\":\"Aceitunas del Cuquillo - Aceitunas Salinas\",\"isPartOf\":{\"@id\":\"https:\/\/aceitunassalinas.com\/de\/#website\"},\"primaryImageOfPage\":{\"@id\":\"https:\/\/aceitunassalinas.com\/de\/tienda\/aceitunas-con-hueso\/aceitunas-del-cuquillo\/#primaryimage\"},\"image\":{\"@id\":\"https:\/\/aceitunassalinas.com\/tienda\/aceitunas-con-hueso\/aceitunas-del-cuquillo\/#primaryimage\"},\"thumbnailUrl\":\"https:\/\/aceitunassalinas.com\/wp-content\/uploads\/2015\/09\/aceitunas-cuquillo.jpg\",\"datePublished\":\"2015-09-07T14:13:52+00:00\",\"dateModified\":\"2026-02-20T16:23:10+00:00\",\"breadcrumb\":{\"@id\":\"https:\/\/aceitunassalinas.com\/de\/tienda\/aceitunas-con-hueso\/aceitunas-del-cuquillo\/#breadcrumb\"},\"inLanguage\":\"de\",\"potentialAction\":[{\"@type\":\"ReadAction\",\"target\":[[\"https:\/\/aceitunassalinas.com\/de\/tienda\/aceitunas-con-hueso\/aceitunas-del-cuquillo\/\"]]}]},{\"@type\":\"ImageObject\",\"inLanguage\":\"de\",\"@id\":\"https:\/\/aceitunassalinas.com\/de\/tienda\/aceitunas-con-hueso\/aceitunas-del-cuquillo\/#primaryimage\",\"url\":\"https:\/\/aceitunassalinas.com\/wp-content\/uploads\/2015\/09\/aceitunas-cuquillo.jpg\",\"contentUrl\":\"https:\/\/aceitunassalinas.com\/wp-content\/uploads\/2015\/09\/aceitunas-cuquillo.jpg\",\"width\":600,\"height\":450,\"caption\":\"Aceituna del Cuquillo\"},{\"@type\":\"BreadcrumbList\",\"@id\":\"https:\/\/aceitunassalinas.com\/de\/tienda\/aceitunas-con-hueso\/aceitunas-del-cuquillo\/#breadcrumb\",\"itemListElement\":[{\"@type\":\"ListItem\",\"position\":1,\"name\":\"Portada\",\"item\":\"https:\/\/aceitunassalinas.com\/de\/\"},{\"@type\":\"ListItem\",\"position\":2,\"name\":\"Tienda\",\"item\":\"https:\/\/aceitunassalinas.com\/de\/tienda\/\"},{\"@type\":\"ListItem\",\"position\":3,\"name\":\"Aceitunas del Cuquillo\"}]},{\"@type\":\"WebSite\",\"@id\":\"https:\/\/aceitunassalinas.com\/de\/#website\",\"url\":\"https:\/\/aceitunassalinas.com\/de\/\",\"name\":\"Aceitunas Salinas\",\"description\":\"Las Aceitunas m\u00e1s Selectas de Andaluc\u00eda\",\"publisher\":{\"@id\":\"https:\/\/aceitunassalinas.com\/de\/#organization\"},\"potentialAction\":[{\"@type\":\"SearchAction\",\"target\":{\"@type\":\"EntryPoint\",\"urlTemplate\":\"https:\/\/aceitunassalinas.com\/de\/?s={search_term_string}\"},\"query-input\":{\"@type\":\"PropertyValueSpecification\",\"valueRequired\":true,\"valueName\":\"search_term_string\"}}],\"inLanguage\":\"de\"},{\"@type\":\"Organization\",\"@id\":\"https:\/\/aceitunassalinas.com\/de\/#organization\",\"name\":\"Aceitunas Salinas\",\"url\":\"https:\/\/aceitunassalinas.com\/de\/\",\"logo\":{\"@type\":\"ImageObject\",\"inLanguage\":\"de\",\"@id\":\"https:\/\/aceitunassalinas.com\/de\/#\/schema\/logo\/image\/\",\"url\":\"https:\/\/aceitunassalinas.com\/wp-content\/uploads\/2015\/07\/logo-aceitunas-salinas.png\",\"contentUrl\":\"https:\/\/aceitunassalinas.com\/wp-content\/uploads\/2015\/07\/logo-aceitunas-salinas.png\",\"width\":250,\"height\":76,\"caption\":\"Aceitunas Salinas\"},\"image\":{\"@id\":\"https:\/\/aceitunassalinas.com\/de\/#\/schema\/logo\/image\/\"}}]}<\/script>\n<!-- \/ Yoast SEO plugin. -->","yoast_head_json":{"title":"Aceitunas del Cuquillo - Aceitunas Salinas","robots":{"index":"index","follow":"follow","max-snippet":"max-snippet:-1","max-image-preview":"max-image-preview:large","max-video-preview":"max-video-preview:-1"},"canonical":"https:\/\/aceitunassalinas.com\/de\/tienda\/aceitunas-con-hueso\/aceitunas-del-cuquillo\/","og_locale":"de_DE","og_type":"article","og_title":"Aceitunas del Cuquillo - Aceitunas Salinas","og_description":"Aceituna del Cuquillo cultivada en la Sierra de Moratalla, al Norte de Murcia. El agua con la que se macera esta aceituna se recoge del manantial de la \u201cFuente de Arriba\u201d situada en el pueblo de Benizar (Moratalla). De esta misma Sierra se recoge el tomillo con el que se aderezan las aceitunas consiguiendo un producto artesanal y t\u00edpico de esta tierra. Pertenece al grupo de aceitunas negras, aunque su color es m\u00e1s bien morado. Es una aceituna peque\u00f1a en comparaci\u00f3n con otras variedades pero su intenso sabor que recuerda al tomillo es inconfundible. Acompa\u00f1ante indispensable que da un toque especial de color y sabor en ensaladas y platos, especial para platos selectos y elaborados.","og_url":"https:\/\/aceitunassalinas.com\/de\/tienda\/aceitunas-con-hueso\/aceitunas-del-cuquillo\/","og_site_name":"Aceitunas Salinas","article_modified_time":"2026-02-20T16:23:10+00:00","og_image":[{"width":600,"height":450,"url":"https:\/\/aceitunassalinas.com\/wp-content\/uploads\/2015\/09\/aceitunas-cuquillo.jpg","type":"image\/jpeg"}],"twitter_card":"summary_large_image","twitter_misc":{"Gesch\u00e4tzte Lesezeit":"1\u00a0Minute"},"schema":{"@context":"https:\/\/schema.org","@graph":[{"@type":"WebPage","@id":"https:\/\/aceitunassalinas.com\/de\/tienda\/aceitunas-con-hueso\/aceitunas-del-cuquillo\/","url":"https:\/\/aceitunassalinas.com\/de\/tienda\/aceitunas-con-hueso\/aceitunas-del-cuquillo\/","name":"Aceitunas del Cuquillo - Aceitunas Salinas","isPartOf":{"@id":"https:\/\/aceitunassalinas.com\/de\/#website"},"primaryImageOfPage":{"@id":"https:\/\/aceitunassalinas.com\/de\/tienda\/aceitunas-con-hueso\/aceitunas-del-cuquillo\/#primaryimage"},"image":{"@id":"https:\/\/aceitunassalinas.com\/tienda\/aceitunas-con-hueso\/aceitunas-del-cuquillo\/#primaryimage"},"thumbnailUrl":"https:\/\/aceitunassalinas.com\/wp-content\/uploads\/2015\/09\/aceitunas-cuquillo.jpg","datePublished":"2015-09-07T14:13:52+00:00","dateModified":"2026-02-20T16:23:10+00:00","breadcrumb":{"@id":"https:\/\/aceitunassalinas.com\/de\/tienda\/aceitunas-con-hueso\/aceitunas-del-cuquillo\/#breadcrumb"},"inLanguage":"de","potentialAction":[{"@type":"ReadAction","target":[["https:\/\/aceitunassalinas.com\/de\/tienda\/aceitunas-con-hueso\/aceitunas-del-cuquillo\/"]]}]},{"@type":"ImageObject","inLanguage":"de","@id":"https:\/\/aceitunassalinas.com\/de\/tienda\/aceitunas-con-hueso\/aceitunas-del-cuquillo\/#primaryimage","url":"https:\/\/aceitunassalinas.com\/wp-content\/uploads\/2015\/09\/aceitunas-cuquillo.jpg","contentUrl":"https:\/\/aceitunassalinas.com\/wp-content\/uploads\/2015\/09\/aceitunas-cuquillo.jpg","width":600,"height":450,"caption":"Aceituna del Cuquillo"},{"@type":"BreadcrumbList","@id":"https:\/\/aceitunassalinas.com\/de\/tienda\/aceitunas-con-hueso\/aceitunas-del-cuquillo\/#breadcrumb","itemListElement":[{"@type":"ListItem","position":1,"name":"Portada","item":"https:\/\/aceitunassalinas.com\/de\/"},{"@type":"ListItem","position":2,"name":"Tienda","item":"https:\/\/aceitunassalinas.com\/de\/tienda\/"},{"@type":"ListItem","position":3,"name":"Aceitunas del Cuquillo"}]},{"@type":"WebSite","@id":"https:\/\/aceitunassalinas.com\/de\/#website","url":"https:\/\/aceitunassalinas.com\/de\/","name":"Aceitunas Salinas","description":"Las Aceitunas m\u00e1s Selectas de Andaluc\u00eda","publisher":{"@id":"https:\/\/aceitunassalinas.com\/de\/#organization"},"potentialAction":[{"@type":"SearchAction","target":{"@type":"EntryPoint","urlTemplate":"https:\/\/aceitunassalinas.com\/de\/?s={search_term_string}"},"query-input":{"@type":"PropertyValueSpecification","valueRequired":true,"valueName":"search_term_string"}}],"inLanguage":"de"},{"@type":"Organization","@id":"https:\/\/aceitunassalinas.com\/de\/#organization","name":"Aceitunas Salinas","url":"https:\/\/aceitunassalinas.com\/de\/","logo":{"@type":"ImageObject","inLanguage":"de","@id":"https:\/\/aceitunassalinas.com\/de\/#\/schema\/logo\/image\/","url":"https:\/\/aceitunassalinas.com\/wp-content\/uploads\/2015\/07\/logo-aceitunas-salinas.png","contentUrl":"https:\/\/aceitunassalinas.com\/wp-content\/uploads\/2015\/07\/logo-aceitunas-salinas.png","width":250,"height":76,"caption":"Aceitunas Salinas"},"image":{"@id":"https:\/\/aceitunassalinas.com\/de\/#\/schema\/logo\/image\/"}}]}},"_links":{"self":[{"href":"https:\/\/aceitunassalinas.com\/de\/wp-json\/wp\/v2\/product\/117","targetHints":{"allow":["GET"]}}],"collection":[{"href":"https:\/\/aceitunassalinas.com\/de\/wp-json\/wp\/v2\/product"}],"about":[{"href":"https:\/\/aceitunassalinas.com\/de\/wp-json\/wp\/v2\/types\/product"}],"replies":[{"embeddable":true,"href":"https:\/\/aceitunassalinas.com\/de\/wp-json\/wp\/v2\/comments?post=117"}],"wp:featuredmedia":[{"embeddable":true,"href":"https:\/\/aceitunassalinas.com\/de\/wp-json\/wp\/v2\/media\/121"}],"wp:attachment":[{"href":"https:\/\/aceitunassalinas.com\/de\/wp-json\/wp\/v2\/media?parent=117"}],"wp:term":[{"taxonomy":"product_brand","embeddable":true,"href":"https:\/\/aceitunassalinas.com\/de\/wp-json\/wp\/v2\/product_brand?post=117"},{"taxonomy":"product_cat","embeddable":true,"href":"https:\/\/aceitunassalinas.com\/de\/wp-json\/wp\/v2\/product_cat?post=117"},{"taxonomy":"product_tag","embeddable":true,"href":"https:\/\/aceitunassalinas.com\/de\/wp-json\/wp\/v2\/product_tag?post=117"}],"curies":[{"name":"wp","href":"https:\/\/api.w.org\/{rel}","templated":true}]}}