{"id":129,"date":"2015-09-07T14:39:02","date_gmt":"2015-09-07T14:39:02","guid":{"rendered":"https:\/\/aceitunassalinas.com\/?post_type=product&#038;p=129"},"modified":"2026-02-20T13:04:00","modified_gmt":"2026-02-20T13:04:00","slug":"aceitunas-maravilla","status":"publish","type":"product","link":"https:\/\/aceitunassalinas.com\/de\/tienda\/cocktail\/aceitunas-maravilla\/","title":{"rendered":"Aceitunas Maravilla"},"content":{"rendered":"<p>Divertida combinaci\u00f3n de aceitunas y encurtidos. Dada su variedad, como manzanilla, morada, cuquillo, pepinillos, cebollitas, alcaparras, pimiento entre otros, asegura el \u00e9xito del aperitivo ya que acertar\u00e1s con todos los comensales. Lo que hace irresistible de esta mezcla al paladar, es esta explosi\u00f3n de texturas y sabores que mantendr\u00e1 en vilo al comensal m\u00e1s exigente. Listo para su consumo en frescas ensaladas, aperitivos y tentempi\u00e9s. Sin duda un plato de gran \u00e9xito que aportar\u00e1 una explosi\u00f3n de color a tu mesa.<\/p>\n","protected":false},"excerpt":{"rendered":"<p>Divertida combinaci\u00f3n de aceitunas y encurtidos. Dada su variedad, como manzanilla, morada, cuquillo, pepinillos, cebollitas, alcaparras, pimiento entre otros, asegura el \u00e9xito del aperitivo ya que acertar\u00e1s con todos los comensales. Lo que hace irresistible de esta mezcla al paladar, es esta explosi\u00f3n de texturas y sabores que mantendr\u00e1 en vilo al comensal m\u00e1s exigente. Listo para su consumo en frescas ensaladas, aperitivos y tentempi\u00e9s. Sin duda un plato de gran \u00e9xito que aportar\u00e1 una explosi\u00f3n de color a tu mesa.<\/p>\n","protected":false},"featured_media":297,"comment_status":"open","ping_status":"closed","template":"","meta":[],"product_brand":[],"product_cat":[21],"product_tag":[44,43,47,46,45],"class_list":{"0":"post-129","1":"product","2":"type-product","3":"status-publish","4":"has-post-thumbnail","6":"product_cat-cocktail","7":"product_tag-aceituna-maravilla","8":"product_tag-aceitunas-maravilla","9":"product_tag-cocktail","10":"product_tag-coctel","11":"product_tag-coctel-aceitunas","12":"product_shipping_class-envio-estandar","13":"pif-has-gallery","15":"first","16":"instock","17":"taxable","18":"shipping-taxable","19":"purchasable","20":"product-type-variable"},"yoast_head":"<!-- This site is optimized with the Yoast SEO plugin v27.0 - https:\/\/yoast.com\/product\/yoast-seo-wordpress\/ -->\n<title>Aceitunas Maravilla - Aceitunas Salinas<\/title>\n<meta name=\"robots\" content=\"index, follow, max-snippet:-1, max-image-preview:large, max-video-preview:-1\" \/>\n<link rel=\"canonical\" href=\"https:\/\/aceitunassalinas.com\/de\/tienda\/cocktail\/aceitunas-maravilla\/\" \/>\n<meta property=\"og:locale\" content=\"de_DE\" \/>\n<meta property=\"og:type\" content=\"article\" \/>\n<meta property=\"og:title\" content=\"Aceitunas Maravilla - Aceitunas Salinas\" \/>\n<meta property=\"og:description\" content=\"Divertida combinaci\u00f3n de aceitunas y encurtidos. Dada su variedad, como manzanilla, morada, cuquillo, pepinillos, cebollitas, alcaparras, pimiento entre otros, asegura el \u00e9xito del aperitivo ya que acertar\u00e1s con todos los comensales. Lo que hace irresistible de esta mezcla al paladar, es esta explosi\u00f3n de texturas y sabores que mantendr\u00e1 en vilo al comensal m\u00e1s exigente. Listo para su consumo en frescas ensaladas, aperitivos y tentempi\u00e9s. Sin duda un plato de gran \u00e9xito que aportar\u00e1 una explosi\u00f3n de color a tu mesa.\" \/>\n<meta property=\"og:url\" content=\"https:\/\/aceitunassalinas.com\/de\/tienda\/cocktail\/aceitunas-maravilla\/\" \/>\n<meta property=\"og:site_name\" content=\"Aceitunas Salinas\" \/>\n<meta property=\"article:modified_time\" content=\"2026-02-20T13:04:00+00:00\" \/>\n<meta property=\"og:image\" content=\"https:\/\/aceitunassalinas.com\/wp-content\/uploads\/2015\/09\/aceitunas-maravilla-coctel.jpg\" \/>\n\t<meta property=\"og:image:width\" content=\"600\" \/>\n\t<meta property=\"og:image:height\" content=\"450\" \/>\n\t<meta property=\"og:image:type\" content=\"image\/jpeg\" \/>\n<meta name=\"twitter:card\" content=\"summary_large_image\" \/>\n<meta name=\"twitter:label1\" content=\"Gesch\u00e4tzte Lesezeit\" \/>\n\t<meta name=\"twitter:data1\" content=\"1\u00a0Minute\" \/>\n<script type=\"application\/ld+json\" class=\"yoast-schema-graph\">{\"@context\":\"https:\/\/schema.org\",\"@graph\":[{\"@type\":\"WebPage\",\"@id\":\"https:\/\/aceitunassalinas.com\/de\/tienda\/cocktail\/aceitunas-maravilla\/\",\"url\":\"https:\/\/aceitunassalinas.com\/de\/tienda\/cocktail\/aceitunas-maravilla\/\",\"name\":\"Aceitunas Maravilla - Aceitunas Salinas\",\"isPartOf\":{\"@id\":\"https:\/\/aceitunassalinas.com\/de\/#website\"},\"primaryImageOfPage\":{\"@id\":\"https:\/\/aceitunassalinas.com\/de\/tienda\/cocktail\/aceitunas-maravilla\/#primaryimage\"},\"image\":{\"@id\":\"https:\/\/aceitunassalinas.com\/tienda\/cocktail\/aceitunas-maravilla\/#primaryimage\"},\"thumbnailUrl\":\"https:\/\/aceitunassalinas.com\/wp-content\/uploads\/2015\/09\/aceitunas-maravilla-coctel.jpg\",\"datePublished\":\"2015-09-07T14:39:02+00:00\",\"dateModified\":\"2026-02-20T13:04:00+00:00\",\"breadcrumb\":{\"@id\":\"https:\/\/aceitunassalinas.com\/de\/tienda\/cocktail\/aceitunas-maravilla\/#breadcrumb\"},\"inLanguage\":\"de\",\"potentialAction\":[{\"@type\":\"ReadAction\",\"target\":[[\"https:\/\/aceitunassalinas.com\/de\/tienda\/cocktail\/aceitunas-maravilla\/\"]]}]},{\"@type\":\"ImageObject\",\"inLanguage\":\"de\",\"@id\":\"https:\/\/aceitunassalinas.com\/de\/tienda\/cocktail\/aceitunas-maravilla\/#primaryimage\",\"url\":\"https:\/\/aceitunassalinas.com\/wp-content\/uploads\/2015\/09\/aceitunas-maravilla-coctel.jpg\",\"contentUrl\":\"https:\/\/aceitunassalinas.com\/wp-content\/uploads\/2015\/09\/aceitunas-maravilla-coctel.jpg\",\"width\":600,\"height\":450,\"caption\":\"C\u00f3ctel de Aceitunas Maravilla\"},{\"@type\":\"BreadcrumbList\",\"@id\":\"https:\/\/aceitunassalinas.com\/de\/tienda\/cocktail\/aceitunas-maravilla\/#breadcrumb\",\"itemListElement\":[{\"@type\":\"ListItem\",\"position\":1,\"name\":\"Portada\",\"item\":\"https:\/\/aceitunassalinas.com\/de\/\"},{\"@type\":\"ListItem\",\"position\":2,\"name\":\"Tienda\",\"item\":\"https:\/\/aceitunassalinas.com\/de\/tienda\/\"},{\"@type\":\"ListItem\",\"position\":3,\"name\":\"Aceitunas Maravilla\"}]},{\"@type\":\"WebSite\",\"@id\":\"https:\/\/aceitunassalinas.com\/de\/#website\",\"url\":\"https:\/\/aceitunassalinas.com\/de\/\",\"name\":\"Aceitunas Salinas\",\"description\":\"Las Aceitunas m\u00e1s Selectas de Andaluc\u00eda\",\"publisher\":{\"@id\":\"https:\/\/aceitunassalinas.com\/de\/#organization\"},\"potentialAction\":[{\"@type\":\"SearchAction\",\"target\":{\"@type\":\"EntryPoint\",\"urlTemplate\":\"https:\/\/aceitunassalinas.com\/de\/?s={search_term_string}\"},\"query-input\":{\"@type\":\"PropertyValueSpecification\",\"valueRequired\":true,\"valueName\":\"search_term_string\"}}],\"inLanguage\":\"de\"},{\"@type\":\"Organization\",\"@id\":\"https:\/\/aceitunassalinas.com\/de\/#organization\",\"name\":\"Aceitunas Salinas\",\"url\":\"https:\/\/aceitunassalinas.com\/de\/\",\"logo\":{\"@type\":\"ImageObject\",\"inLanguage\":\"de\",\"@id\":\"https:\/\/aceitunassalinas.com\/de\/#\/schema\/logo\/image\/\",\"url\":\"https:\/\/aceitunassalinas.com\/wp-content\/uploads\/2015\/07\/logo-aceitunas-salinas.png\",\"contentUrl\":\"https:\/\/aceitunassalinas.com\/wp-content\/uploads\/2015\/07\/logo-aceitunas-salinas.png\",\"width\":250,\"height\":76,\"caption\":\"Aceitunas Salinas\"},\"image\":{\"@id\":\"https:\/\/aceitunassalinas.com\/de\/#\/schema\/logo\/image\/\"}}]}<\/script>\n<!-- \/ Yoast SEO plugin. -->","yoast_head_json":{"title":"Aceitunas Maravilla - Aceitunas Salinas","robots":{"index":"index","follow":"follow","max-snippet":"max-snippet:-1","max-image-preview":"max-image-preview:large","max-video-preview":"max-video-preview:-1"},"canonical":"https:\/\/aceitunassalinas.com\/de\/tienda\/cocktail\/aceitunas-maravilla\/","og_locale":"de_DE","og_type":"article","og_title":"Aceitunas Maravilla - Aceitunas Salinas","og_description":"Divertida combinaci\u00f3n de aceitunas y encurtidos. Dada su variedad, como manzanilla, morada, cuquillo, pepinillos, cebollitas, alcaparras, pimiento entre otros, asegura el \u00e9xito del aperitivo ya que acertar\u00e1s con todos los comensales. Lo que hace irresistible de esta mezcla al paladar, es esta explosi\u00f3n de texturas y sabores que mantendr\u00e1 en vilo al comensal m\u00e1s exigente. Listo para su consumo en frescas ensaladas, aperitivos y tentempi\u00e9s. Sin duda un plato de gran \u00e9xito que aportar\u00e1 una explosi\u00f3n de color a tu mesa.","og_url":"https:\/\/aceitunassalinas.com\/de\/tienda\/cocktail\/aceitunas-maravilla\/","og_site_name":"Aceitunas Salinas","article_modified_time":"2026-02-20T13:04:00+00:00","og_image":[{"width":600,"height":450,"url":"https:\/\/aceitunassalinas.com\/wp-content\/uploads\/2015\/09\/aceitunas-maravilla-coctel.jpg","type":"image\/jpeg"}],"twitter_card":"summary_large_image","twitter_misc":{"Gesch\u00e4tzte Lesezeit":"1\u00a0Minute"},"schema":{"@context":"https:\/\/schema.org","@graph":[{"@type":"WebPage","@id":"https:\/\/aceitunassalinas.com\/de\/tienda\/cocktail\/aceitunas-maravilla\/","url":"https:\/\/aceitunassalinas.com\/de\/tienda\/cocktail\/aceitunas-maravilla\/","name":"Aceitunas Maravilla - Aceitunas Salinas","isPartOf":{"@id":"https:\/\/aceitunassalinas.com\/de\/#website"},"primaryImageOfPage":{"@id":"https:\/\/aceitunassalinas.com\/de\/tienda\/cocktail\/aceitunas-maravilla\/#primaryimage"},"image":{"@id":"https:\/\/aceitunassalinas.com\/tienda\/cocktail\/aceitunas-maravilla\/#primaryimage"},"thumbnailUrl":"https:\/\/aceitunassalinas.com\/wp-content\/uploads\/2015\/09\/aceitunas-maravilla-coctel.jpg","datePublished":"2015-09-07T14:39:02+00:00","dateModified":"2026-02-20T13:04:00+00:00","breadcrumb":{"@id":"https:\/\/aceitunassalinas.com\/de\/tienda\/cocktail\/aceitunas-maravilla\/#breadcrumb"},"inLanguage":"de","potentialAction":[{"@type":"ReadAction","target":[["https:\/\/aceitunassalinas.com\/de\/tienda\/cocktail\/aceitunas-maravilla\/"]]}]},{"@type":"ImageObject","inLanguage":"de","@id":"https:\/\/aceitunassalinas.com\/de\/tienda\/cocktail\/aceitunas-maravilla\/#primaryimage","url":"https:\/\/aceitunassalinas.com\/wp-content\/uploads\/2015\/09\/aceitunas-maravilla-coctel.jpg","contentUrl":"https:\/\/aceitunassalinas.com\/wp-content\/uploads\/2015\/09\/aceitunas-maravilla-coctel.jpg","width":600,"height":450,"caption":"C\u00f3ctel de Aceitunas Maravilla"},{"@type":"BreadcrumbList","@id":"https:\/\/aceitunassalinas.com\/de\/tienda\/cocktail\/aceitunas-maravilla\/#breadcrumb","itemListElement":[{"@type":"ListItem","position":1,"name":"Portada","item":"https:\/\/aceitunassalinas.com\/de\/"},{"@type":"ListItem","position":2,"name":"Tienda","item":"https:\/\/aceitunassalinas.com\/de\/tienda\/"},{"@type":"ListItem","position":3,"name":"Aceitunas Maravilla"}]},{"@type":"WebSite","@id":"https:\/\/aceitunassalinas.com\/de\/#website","url":"https:\/\/aceitunassalinas.com\/de\/","name":"Aceitunas Salinas","description":"Las Aceitunas m\u00e1s Selectas de Andaluc\u00eda","publisher":{"@id":"https:\/\/aceitunassalinas.com\/de\/#organization"},"potentialAction":[{"@type":"SearchAction","target":{"@type":"EntryPoint","urlTemplate":"https:\/\/aceitunassalinas.com\/de\/?s={search_term_string}"},"query-input":{"@type":"PropertyValueSpecification","valueRequired":true,"valueName":"search_term_string"}}],"inLanguage":"de"},{"@type":"Organization","@id":"https:\/\/aceitunassalinas.com\/de\/#organization","name":"Aceitunas Salinas","url":"https:\/\/aceitunassalinas.com\/de\/","logo":{"@type":"ImageObject","inLanguage":"de","@id":"https:\/\/aceitunassalinas.com\/de\/#\/schema\/logo\/image\/","url":"https:\/\/aceitunassalinas.com\/wp-content\/uploads\/2015\/07\/logo-aceitunas-salinas.png","contentUrl":"https:\/\/aceitunassalinas.com\/wp-content\/uploads\/2015\/07\/logo-aceitunas-salinas.png","width":250,"height":76,"caption":"Aceitunas Salinas"},"image":{"@id":"https:\/\/aceitunassalinas.com\/de\/#\/schema\/logo\/image\/"}}]}},"_links":{"self":[{"href":"https:\/\/aceitunassalinas.com\/de\/wp-json\/wp\/v2\/product\/129","targetHints":{"allow":["GET"]}}],"collection":[{"href":"https:\/\/aceitunassalinas.com\/de\/wp-json\/wp\/v2\/product"}],"about":[{"href":"https:\/\/aceitunassalinas.com\/de\/wp-json\/wp\/v2\/types\/product"}],"replies":[{"embeddable":true,"href":"https:\/\/aceitunassalinas.com\/de\/wp-json\/wp\/v2\/comments?post=129"}],"wp:featuredmedia":[{"embeddable":true,"href":"https:\/\/aceitunassalinas.com\/de\/wp-json\/wp\/v2\/media\/297"}],"wp:attachment":[{"href":"https:\/\/aceitunassalinas.com\/de\/wp-json\/wp\/v2\/media?parent=129"}],"wp:term":[{"taxonomy":"product_brand","embeddable":true,"href":"https:\/\/aceitunassalinas.com\/de\/wp-json\/wp\/v2\/product_brand?post=129"},{"taxonomy":"product_cat","embeddable":true,"href":"https:\/\/aceitunassalinas.com\/de\/wp-json\/wp\/v2\/product_cat?post=129"},{"taxonomy":"product_tag","embeddable":true,"href":"https:\/\/aceitunassalinas.com\/de\/wp-json\/wp\/v2\/product_tag?post=129"}],"curies":[{"name":"wp","href":"https:\/\/api.w.org\/{rel}","templated":true}]}}