{"id":161,"date":"2015-09-07T15:33:06","date_gmt":"2015-09-07T15:33:06","guid":{"rendered":"https:\/\/aceitunassalinas.com\/?post_type=product&#038;p=161"},"modified":"2026-02-19T17:43:35","modified_gmt":"2026-02-19T17:43:35","slug":"alcaparrones","status":"publish","type":"product","link":"https:\/\/aceitunassalinas.com\/en\/tienda\/encurtidos\/alcaparrones\/","title":{"rendered":"Alcaparrones"},"content":{"rendered":"<p>Los Alcaparrones son los frutos maduros de la Alcaparrera. Tienen un sabor agridulce y muy caracter\u00edstico como sus parientes las Alcaparras. Su textura es jugosa y suave, y sus propiedades diur\u00e9ticas y depurativas hacen que su consumo sea muy recomendable. Resultan de la maceraci\u00f3n con una mezcla de agua, vinagre y sal, conservando su sabor y aroma naturales. Pueden ser consumidos como aperitivos, como aderezo en ensaladas y elemento decorativo en platos de entrantes. Sin duda encontrar\u00e1n un lugar en tu mesa.<\/p>\n","protected":false},"excerpt":{"rendered":"<p>Los Alcaparrones son los frutos maduros de la Alcaparrera. Tienen un sabor agridulce y muy caracter\u00edstico como sus parientes las Alcaparras. Su textura es jugosa y suave, y sus propiedades diur\u00e9ticas y depurativas hacen que su consumo sea muy recomendable. Resultan de la maceraci\u00f3n con una mezcla de agua, vinagre y sal, conservando su sabor y aroma naturales. Pueden ser consumidos como aperitivos, como aderezo en ensaladas y elemento decorativo en platos de entrantes. Sin duda encontrar\u00e1n un lugar en tu mesa.<\/p>\n","protected":false},"featured_media":166,"comment_status":"open","ping_status":"closed","template":"","meta":[],"product_brand":[],"product_cat":[52],"product_tag":[95,57,54],"class_list":{"0":"post-161","1":"product","2":"type-product","3":"status-publish","4":"has-post-thumbnail","6":"product_cat-encurtidos","7":"product_tag-alcaparron","8":"product_tag-alcaparrones","9":"product_tag-encurtidos","10":"product_shipping_class-envio-estandar","11":"pif-has-gallery","13":"first","14":"instock","15":"taxable","16":"shipping-taxable","17":"purchasable","18":"product-type-variable"},"yoast_head":"<!-- This site is optimized with the Yoast SEO plugin v27.0 - https:\/\/yoast.com\/product\/yoast-seo-wordpress\/ -->\n<title>Alcaparrones - Aceitunas Salinas<\/title>\n<meta name=\"robots\" content=\"index, follow, max-snippet:-1, max-image-preview:large, max-video-preview:-1\" \/>\n<link rel=\"canonical\" href=\"https:\/\/aceitunassalinas.com\/en\/tienda\/encurtidos\/alcaparrones\/\" \/>\n<meta property=\"og:locale\" content=\"en_US\" \/>\n<meta property=\"og:type\" content=\"article\" \/>\n<meta property=\"og:title\" content=\"Alcaparrones - Aceitunas Salinas\" \/>\n<meta property=\"og:description\" content=\"Los Alcaparrones son los frutos maduros de la Alcaparrera. Tienen un sabor agridulce y muy caracter\u00edstico como sus parientes las Alcaparras. Su textura es jugosa y suave, y sus propiedades diur\u00e9ticas y depurativas hacen que su consumo sea muy recomendable. Resultan de la maceraci\u00f3n con una mezcla de agua, vinagre y sal, conservando su sabor y aroma naturales. Pueden ser consumidos como aperitivos, como aderezo en ensaladas y elemento decorativo en platos de entrantes. Sin duda encontrar\u00e1n un lugar en tu mesa.\" \/>\n<meta property=\"og:url\" content=\"https:\/\/aceitunassalinas.com\/en\/tienda\/encurtidos\/alcaparrones\/\" \/>\n<meta property=\"og:site_name\" content=\"Aceitunas Salinas\" \/>\n<meta property=\"article:modified_time\" content=\"2026-02-19T17:43:35+00:00\" \/>\n<meta property=\"og:image\" content=\"https:\/\/aceitunassalinas.com\/wp-content\/uploads\/2015\/09\/alcaparrones-encurtidos.jpg\" \/>\n\t<meta property=\"og:image:width\" content=\"600\" \/>\n\t<meta property=\"og:image:height\" content=\"450\" \/>\n\t<meta property=\"og:image:type\" content=\"image\/jpeg\" \/>\n<meta name=\"twitter:card\" content=\"summary_large_image\" \/>\n<meta name=\"twitter:label1\" content=\"Est. reading time\" \/>\n\t<meta name=\"twitter:data1\" content=\"1 minute\" \/>\n<script type=\"application\/ld+json\" class=\"yoast-schema-graph\">{\"@context\":\"https:\/\/schema.org\",\"@graph\":[{\"@type\":\"WebPage\",\"@id\":\"https:\/\/aceitunassalinas.com\/en\/tienda\/encurtidos\/alcaparrones\/\",\"url\":\"https:\/\/aceitunassalinas.com\/en\/tienda\/encurtidos\/alcaparrones\/\",\"name\":\"Alcaparrones - Aceitunas Salinas\",\"isPartOf\":{\"@id\":\"https:\/\/aceitunassalinas.com\/en\/#website\"},\"primaryImageOfPage\":{\"@id\":\"https:\/\/aceitunassalinas.com\/en\/tienda\/encurtidos\/alcaparrones\/#primaryimage\"},\"image\":{\"@id\":\"https:\/\/aceitunassalinas.com\/tienda\/encurtidos\/alcaparrones\/#primaryimage\"},\"thumbnailUrl\":\"https:\/\/aceitunassalinas.com\/wp-content\/uploads\/2015\/09\/alcaparrones-encurtidos.jpg\",\"datePublished\":\"2015-09-07T15:33:06+00:00\",\"dateModified\":\"2026-02-19T17:43:35+00:00\",\"breadcrumb\":{\"@id\":\"https:\/\/aceitunassalinas.com\/en\/tienda\/encurtidos\/alcaparrones\/#breadcrumb\"},\"inLanguage\":\"en-US\",\"potentialAction\":[{\"@type\":\"ReadAction\",\"target\":[[\"https:\/\/aceitunassalinas.com\/en\/tienda\/encurtidos\/alcaparrones\/\"]]}]},{\"@type\":\"ImageObject\",\"inLanguage\":\"en-US\",\"@id\":\"https:\/\/aceitunassalinas.com\/en\/tienda\/encurtidos\/alcaparrones\/#primaryimage\",\"url\":\"https:\/\/aceitunassalinas.com\/wp-content\/uploads\/2015\/09\/alcaparrones-encurtidos.jpg\",\"contentUrl\":\"https:\/\/aceitunassalinas.com\/wp-content\/uploads\/2015\/09\/alcaparrones-encurtidos.jpg\",\"width\":600,\"height\":450,\"caption\":\"Alcaparrones - Encurtidos\"},{\"@type\":\"BreadcrumbList\",\"@id\":\"https:\/\/aceitunassalinas.com\/en\/tienda\/encurtidos\/alcaparrones\/#breadcrumb\",\"itemListElement\":[{\"@type\":\"ListItem\",\"position\":1,\"name\":\"Portada\",\"item\":\"https:\/\/aceitunassalinas.com\/en\/\"},{\"@type\":\"ListItem\",\"position\":2,\"name\":\"Tienda\",\"item\":\"https:\/\/aceitunassalinas.com\/en\/tienda\/\"},{\"@type\":\"ListItem\",\"position\":3,\"name\":\"Alcaparrones\"}]},{\"@type\":\"WebSite\",\"@id\":\"https:\/\/aceitunassalinas.com\/en\/#website\",\"url\":\"https:\/\/aceitunassalinas.com\/en\/\",\"name\":\"Aceitunas Salinas\",\"description\":\"Las Aceitunas m\u00e1s Selectas de Andaluc\u00eda\",\"publisher\":{\"@id\":\"https:\/\/aceitunassalinas.com\/en\/#organization\"},\"potentialAction\":[{\"@type\":\"SearchAction\",\"target\":{\"@type\":\"EntryPoint\",\"urlTemplate\":\"https:\/\/aceitunassalinas.com\/en\/?s={search_term_string}\"},\"query-input\":{\"@type\":\"PropertyValueSpecification\",\"valueRequired\":true,\"valueName\":\"search_term_string\"}}],\"inLanguage\":\"en-US\"},{\"@type\":\"Organization\",\"@id\":\"https:\/\/aceitunassalinas.com\/en\/#organization\",\"name\":\"Aceitunas Salinas\",\"url\":\"https:\/\/aceitunassalinas.com\/en\/\",\"logo\":{\"@type\":\"ImageObject\",\"inLanguage\":\"en-US\",\"@id\":\"https:\/\/aceitunassalinas.com\/en\/#\/schema\/logo\/image\/\",\"url\":\"https:\/\/aceitunassalinas.com\/wp-content\/uploads\/2015\/07\/logo-aceitunas-salinas.png\",\"contentUrl\":\"https:\/\/aceitunassalinas.com\/wp-content\/uploads\/2015\/07\/logo-aceitunas-salinas.png\",\"width\":250,\"height\":76,\"caption\":\"Aceitunas Salinas\"},\"image\":{\"@id\":\"https:\/\/aceitunassalinas.com\/en\/#\/schema\/logo\/image\/\"}}]}<\/script>\n<!-- \/ Yoast SEO plugin. -->","yoast_head_json":{"title":"Alcaparrones - Aceitunas Salinas","robots":{"index":"index","follow":"follow","max-snippet":"max-snippet:-1","max-image-preview":"max-image-preview:large","max-video-preview":"max-video-preview:-1"},"canonical":"https:\/\/aceitunassalinas.com\/en\/tienda\/encurtidos\/alcaparrones\/","og_locale":"en_US","og_type":"article","og_title":"Alcaparrones - Aceitunas Salinas","og_description":"Los Alcaparrones son los frutos maduros de la Alcaparrera. Tienen un sabor agridulce y muy caracter\u00edstico como sus parientes las Alcaparras. Su textura es jugosa y suave, y sus propiedades diur\u00e9ticas y depurativas hacen que su consumo sea muy recomendable. Resultan de la maceraci\u00f3n con una mezcla de agua, vinagre y sal, conservando su sabor y aroma naturales. Pueden ser consumidos como aperitivos, como aderezo en ensaladas y elemento decorativo en platos de entrantes. Sin duda encontrar\u00e1n un lugar en tu mesa.","og_url":"https:\/\/aceitunassalinas.com\/en\/tienda\/encurtidos\/alcaparrones\/","og_site_name":"Aceitunas Salinas","article_modified_time":"2026-02-19T17:43:35+00:00","og_image":[{"width":600,"height":450,"url":"https:\/\/aceitunassalinas.com\/wp-content\/uploads\/2015\/09\/alcaparrones-encurtidos.jpg","type":"image\/jpeg"}],"twitter_card":"summary_large_image","twitter_misc":{"Est. reading time":"1 minute"},"schema":{"@context":"https:\/\/schema.org","@graph":[{"@type":"WebPage","@id":"https:\/\/aceitunassalinas.com\/en\/tienda\/encurtidos\/alcaparrones\/","url":"https:\/\/aceitunassalinas.com\/en\/tienda\/encurtidos\/alcaparrones\/","name":"Alcaparrones - Aceitunas Salinas","isPartOf":{"@id":"https:\/\/aceitunassalinas.com\/en\/#website"},"primaryImageOfPage":{"@id":"https:\/\/aceitunassalinas.com\/en\/tienda\/encurtidos\/alcaparrones\/#primaryimage"},"image":{"@id":"https:\/\/aceitunassalinas.com\/tienda\/encurtidos\/alcaparrones\/#primaryimage"},"thumbnailUrl":"https:\/\/aceitunassalinas.com\/wp-content\/uploads\/2015\/09\/alcaparrones-encurtidos.jpg","datePublished":"2015-09-07T15:33:06+00:00","dateModified":"2026-02-19T17:43:35+00:00","breadcrumb":{"@id":"https:\/\/aceitunassalinas.com\/en\/tienda\/encurtidos\/alcaparrones\/#breadcrumb"},"inLanguage":"en-US","potentialAction":[{"@type":"ReadAction","target":[["https:\/\/aceitunassalinas.com\/en\/tienda\/encurtidos\/alcaparrones\/"]]}]},{"@type":"ImageObject","inLanguage":"en-US","@id":"https:\/\/aceitunassalinas.com\/en\/tienda\/encurtidos\/alcaparrones\/#primaryimage","url":"https:\/\/aceitunassalinas.com\/wp-content\/uploads\/2015\/09\/alcaparrones-encurtidos.jpg","contentUrl":"https:\/\/aceitunassalinas.com\/wp-content\/uploads\/2015\/09\/alcaparrones-encurtidos.jpg","width":600,"height":450,"caption":"Alcaparrones - Encurtidos"},{"@type":"BreadcrumbList","@id":"https:\/\/aceitunassalinas.com\/en\/tienda\/encurtidos\/alcaparrones\/#breadcrumb","itemListElement":[{"@type":"ListItem","position":1,"name":"Portada","item":"https:\/\/aceitunassalinas.com\/en\/"},{"@type":"ListItem","position":2,"name":"Tienda","item":"https:\/\/aceitunassalinas.com\/en\/tienda\/"},{"@type":"ListItem","position":3,"name":"Alcaparrones"}]},{"@type":"WebSite","@id":"https:\/\/aceitunassalinas.com\/en\/#website","url":"https:\/\/aceitunassalinas.com\/en\/","name":"Aceitunas Salinas","description":"Las Aceitunas m\u00e1s Selectas de Andaluc\u00eda","publisher":{"@id":"https:\/\/aceitunassalinas.com\/en\/#organization"},"potentialAction":[{"@type":"SearchAction","target":{"@type":"EntryPoint","urlTemplate":"https:\/\/aceitunassalinas.com\/en\/?s={search_term_string}"},"query-input":{"@type":"PropertyValueSpecification","valueRequired":true,"valueName":"search_term_string"}}],"inLanguage":"en-US"},{"@type":"Organization","@id":"https:\/\/aceitunassalinas.com\/en\/#organization","name":"Aceitunas Salinas","url":"https:\/\/aceitunassalinas.com\/en\/","logo":{"@type":"ImageObject","inLanguage":"en-US","@id":"https:\/\/aceitunassalinas.com\/en\/#\/schema\/logo\/image\/","url":"https:\/\/aceitunassalinas.com\/wp-content\/uploads\/2015\/07\/logo-aceitunas-salinas.png","contentUrl":"https:\/\/aceitunassalinas.com\/wp-content\/uploads\/2015\/07\/logo-aceitunas-salinas.png","width":250,"height":76,"caption":"Aceitunas Salinas"},"image":{"@id":"https:\/\/aceitunassalinas.com\/en\/#\/schema\/logo\/image\/"}}]}},"_links":{"self":[{"href":"https:\/\/aceitunassalinas.com\/en\/wp-json\/wp\/v2\/product\/161","targetHints":{"allow":["GET"]}}],"collection":[{"href":"https:\/\/aceitunassalinas.com\/en\/wp-json\/wp\/v2\/product"}],"about":[{"href":"https:\/\/aceitunassalinas.com\/en\/wp-json\/wp\/v2\/types\/product"}],"replies":[{"embeddable":true,"href":"https:\/\/aceitunassalinas.com\/en\/wp-json\/wp\/v2\/comments?post=161"}],"wp:featuredmedia":[{"embeddable":true,"href":"https:\/\/aceitunassalinas.com\/en\/wp-json\/wp\/v2\/media\/166"}],"wp:attachment":[{"href":"https:\/\/aceitunassalinas.com\/en\/wp-json\/wp\/v2\/media?parent=161"}],"wp:term":[{"taxonomy":"product_brand","embeddable":true,"href":"https:\/\/aceitunassalinas.com\/en\/wp-json\/wp\/v2\/product_brand?post=161"},{"taxonomy":"product_cat","embeddable":true,"href":"https:\/\/aceitunassalinas.com\/en\/wp-json\/wp\/v2\/product_cat?post=161"},{"taxonomy":"product_tag","embeddable":true,"href":"https:\/\/aceitunassalinas.com\/en\/wp-json\/wp\/v2\/product_tag?post=161"}],"curies":[{"name":"wp","href":"https:\/\/api.w.org\/{rel}","templated":true}]}}