{"id":68,"date":"2015-09-06T17:31:36","date_gmt":"2015-09-06T17:31:36","guid":{"rendered":"https:\/\/aceitunassalinas.com\/?post_type=product&#038;p=68"},"modified":"2026-02-20T17:09:31","modified_gmt":"2026-02-20T17:09:31","slug":"aceituna-partida-jaen","status":"publish","type":"product","link":"https:\/\/aceitunassalinas.com\/en\/tienda\/aceitunas-con-hueso\/aceituna-partida-jaen\/","title":{"rendered":"Aceituna Partida Ja\u00e9n"},"content":{"rendered":"<p>Tambi\u00e9n llamada \u201cOkal\u201d. La elaboraci\u00f3n de las Aceitunas de Ja\u00e9n se realiza siguiendo la receta tradicional que se ha seguido en muchas casas de la geograf\u00eda espa\u00f1ola, especialmente en el sur, machac\u00e1ndola pero sin llegar a extraer el hueso, y aplicando un aderezo de especias con el que se consigue un sabor ligeramente amargo.<br \/>\nTiene un sabor ligeramente afrutado con toques amargos, intenso y aut\u00e9nticamente natural. Son partidas, consigui\u00e9ndose una mayor duraci\u00f3n de la aceituna y de su aderezo. Producto que destaca por su car\u00e1cter tradicional, es un ingrediente perfecto para ensaladas y aperitivos.<\/p>\n","protected":false},"excerpt":{"rendered":"<p>Tambi\u00e9n llamada \u201cOkal\u201d. La elaboraci\u00f3n de las Aceitunas de Ja\u00e9n se realiza siguiendo la receta tradicional que se ha seguido en muchas casas de la geograf\u00eda espa\u00f1ola, especialmente en el sur, machac\u00e1ndola pero sin llegar a extraer el hueso, y aplicando un aderezo de especias con el que se consigue un sabor ligeramente amargo.<\/p>\n","protected":false},"featured_media":74,"comment_status":"open","ping_status":"closed","template":"","meta":[],"product_brand":[],"product_cat":[13],"product_tag":[17,28,25,27,16,26],"class_list":{"0":"post-68","1":"product","2":"type-product","3":"status-publish","4":"has-post-thumbnail","6":"product_cat-aceitunas-con-hueso","7":"product_tag-aceituna-con-hueso","8":"product_tag-aceituna-okal","9":"product_tag-aceituna-partida","10":"product_tag-aceituna-partida-jaen","11":"product_tag-aceitunas-con-hueso","12":"product_tag-aceitunas-de-jaen","13":"product_shipping_class-envio-estandar","14":"pif-has-gallery","16":"first","17":"instock","18":"taxable","19":"shipping-taxable","20":"purchasable","21":"product-type-variable"},"yoast_head":"<!-- This site is optimized with the Yoast SEO plugin v27.0 - https:\/\/yoast.com\/product\/yoast-seo-wordpress\/ -->\n<title>Aceituna Partida Ja\u00e9n - Aceitunas Salinas<\/title>\n<meta name=\"robots\" content=\"index, follow, max-snippet:-1, max-image-preview:large, max-video-preview:-1\" \/>\n<link rel=\"canonical\" href=\"https:\/\/aceitunassalinas.com\/en\/tienda\/aceitunas-con-hueso\/aceituna-partida-jaen\/\" \/>\n<meta property=\"og:locale\" content=\"en_US\" \/>\n<meta property=\"og:type\" content=\"article\" \/>\n<meta property=\"og:title\" content=\"Aceituna Partida Ja\u00e9n - Aceitunas Salinas\" \/>\n<meta property=\"og:description\" content=\"Tambi\u00e9n llamada \u201cOkal\u201d. La elaboraci\u00f3n de las Aceitunas de Ja\u00e9n se realiza siguiendo la receta tradicional que se ha seguido en muchas casas de la geograf\u00eda espa\u00f1ola, especialmente en el sur, machac\u00e1ndola pero sin llegar a extraer el hueso, y aplicando un aderezo de especias con el que se consigue un sabor ligeramente amargo.\" \/>\n<meta property=\"og:url\" content=\"https:\/\/aceitunassalinas.com\/en\/tienda\/aceitunas-con-hueso\/aceituna-partida-jaen\/\" \/>\n<meta property=\"og:site_name\" content=\"Aceitunas Salinas\" \/>\n<meta property=\"article:modified_time\" content=\"2026-02-20T17:09:31+00:00\" \/>\n<meta property=\"og:image\" content=\"https:\/\/aceitunassalinas.com\/wp-content\/uploads\/2015\/09\/aceituna-partida-jaen.jpg\" \/>\n\t<meta property=\"og:image:width\" content=\"600\" \/>\n\t<meta property=\"og:image:height\" content=\"450\" \/>\n\t<meta property=\"og:image:type\" content=\"image\/jpeg\" \/>\n<meta name=\"twitter:card\" content=\"summary_large_image\" \/>\n<meta name=\"twitter:label1\" content=\"Est. reading time\" \/>\n\t<meta name=\"twitter:data1\" content=\"1 minute\" \/>\n<script type=\"application\/ld+json\" class=\"yoast-schema-graph\">{\"@context\":\"https:\/\/schema.org\",\"@graph\":[{\"@type\":\"WebPage\",\"@id\":\"https:\/\/aceitunassalinas.com\/en\/tienda\/aceitunas-con-hueso\/aceituna-partida-jaen\/\",\"url\":\"https:\/\/aceitunassalinas.com\/en\/tienda\/aceitunas-con-hueso\/aceituna-partida-jaen\/\",\"name\":\"Aceituna Partida Ja\u00e9n - Aceitunas Salinas\",\"isPartOf\":{\"@id\":\"https:\/\/aceitunassalinas.com\/en\/#website\"},\"primaryImageOfPage\":{\"@id\":\"https:\/\/aceitunassalinas.com\/en\/tienda\/aceitunas-con-hueso\/aceituna-partida-jaen\/#primaryimage\"},\"image\":{\"@id\":\"https:\/\/aceitunassalinas.com\/tienda\/aceitunas-con-hueso\/aceituna-partida-jaen\/#primaryimage\"},\"thumbnailUrl\":\"https:\/\/aceitunassalinas.com\/wp-content\/uploads\/2015\/09\/aceituna-partida-jaen.jpg\",\"datePublished\":\"2015-09-06T17:31:36+00:00\",\"dateModified\":\"2026-02-20T17:09:31+00:00\",\"breadcrumb\":{\"@id\":\"https:\/\/aceitunassalinas.com\/en\/tienda\/aceitunas-con-hueso\/aceituna-partida-jaen\/#breadcrumb\"},\"inLanguage\":\"en-US\",\"potentialAction\":[{\"@type\":\"ReadAction\",\"target\":[[\"https:\/\/aceitunassalinas.com\/en\/tienda\/aceitunas-con-hueso\/aceituna-partida-jaen\/\"]]}]},{\"@type\":\"ImageObject\",\"inLanguage\":\"en-US\",\"@id\":\"https:\/\/aceitunassalinas.com\/en\/tienda\/aceitunas-con-hueso\/aceituna-partida-jaen\/#primaryimage\",\"url\":\"https:\/\/aceitunassalinas.com\/wp-content\/uploads\/2015\/09\/aceituna-partida-jaen.jpg\",\"contentUrl\":\"https:\/\/aceitunassalinas.com\/wp-content\/uploads\/2015\/09\/aceituna-partida-jaen.jpg\",\"width\":600,\"height\":450,\"caption\":\"Aceituna Partida de Jaen\"},{\"@type\":\"BreadcrumbList\",\"@id\":\"https:\/\/aceitunassalinas.com\/en\/tienda\/aceitunas-con-hueso\/aceituna-partida-jaen\/#breadcrumb\",\"itemListElement\":[{\"@type\":\"ListItem\",\"position\":1,\"name\":\"Portada\",\"item\":\"https:\/\/aceitunassalinas.com\/en\/\"},{\"@type\":\"ListItem\",\"position\":2,\"name\":\"Tienda\",\"item\":\"https:\/\/aceitunassalinas.com\/en\/tienda\/\"},{\"@type\":\"ListItem\",\"position\":3,\"name\":\"Aceituna Partida Ja\u00e9n\"}]},{\"@type\":\"WebSite\",\"@id\":\"https:\/\/aceitunassalinas.com\/en\/#website\",\"url\":\"https:\/\/aceitunassalinas.com\/en\/\",\"name\":\"Aceitunas Salinas\",\"description\":\"Las Aceitunas m\u00e1s Selectas de Andaluc\u00eda\",\"publisher\":{\"@id\":\"https:\/\/aceitunassalinas.com\/en\/#organization\"},\"potentialAction\":[{\"@type\":\"SearchAction\",\"target\":{\"@type\":\"EntryPoint\",\"urlTemplate\":\"https:\/\/aceitunassalinas.com\/en\/?s={search_term_string}\"},\"query-input\":{\"@type\":\"PropertyValueSpecification\",\"valueRequired\":true,\"valueName\":\"search_term_string\"}}],\"inLanguage\":\"en-US\"},{\"@type\":\"Organization\",\"@id\":\"https:\/\/aceitunassalinas.com\/en\/#organization\",\"name\":\"Aceitunas Salinas\",\"url\":\"https:\/\/aceitunassalinas.com\/en\/\",\"logo\":{\"@type\":\"ImageObject\",\"inLanguage\":\"en-US\",\"@id\":\"https:\/\/aceitunassalinas.com\/en\/#\/schema\/logo\/image\/\",\"url\":\"https:\/\/aceitunassalinas.com\/wp-content\/uploads\/2015\/07\/logo-aceitunas-salinas.png\",\"contentUrl\":\"https:\/\/aceitunassalinas.com\/wp-content\/uploads\/2015\/07\/logo-aceitunas-salinas.png\",\"width\":250,\"height\":76,\"caption\":\"Aceitunas Salinas\"},\"image\":{\"@id\":\"https:\/\/aceitunassalinas.com\/en\/#\/schema\/logo\/image\/\"}}]}<\/script>\n<!-- \/ Yoast SEO plugin. -->","yoast_head_json":{"title":"Aceituna Partida Ja\u00e9n - Aceitunas Salinas","robots":{"index":"index","follow":"follow","max-snippet":"max-snippet:-1","max-image-preview":"max-image-preview:large","max-video-preview":"max-video-preview:-1"},"canonical":"https:\/\/aceitunassalinas.com\/en\/tienda\/aceitunas-con-hueso\/aceituna-partida-jaen\/","og_locale":"en_US","og_type":"article","og_title":"Aceituna Partida Ja\u00e9n - Aceitunas Salinas","og_description":"Tambi\u00e9n llamada \u201cOkal\u201d. La elaboraci\u00f3n de las Aceitunas de Ja\u00e9n se realiza siguiendo la receta tradicional que se ha seguido en muchas casas de la geograf\u00eda espa\u00f1ola, especialmente en el sur, machac\u00e1ndola pero sin llegar a extraer el hueso, y aplicando un aderezo de especias con el que se consigue un sabor ligeramente amargo.","og_url":"https:\/\/aceitunassalinas.com\/en\/tienda\/aceitunas-con-hueso\/aceituna-partida-jaen\/","og_site_name":"Aceitunas Salinas","article_modified_time":"2026-02-20T17:09:31+00:00","og_image":[{"width":600,"height":450,"url":"https:\/\/aceitunassalinas.com\/wp-content\/uploads\/2015\/09\/aceituna-partida-jaen.jpg","type":"image\/jpeg"}],"twitter_card":"summary_large_image","twitter_misc":{"Est. reading time":"1 minute"},"schema":{"@context":"https:\/\/schema.org","@graph":[{"@type":"WebPage","@id":"https:\/\/aceitunassalinas.com\/en\/tienda\/aceitunas-con-hueso\/aceituna-partida-jaen\/","url":"https:\/\/aceitunassalinas.com\/en\/tienda\/aceitunas-con-hueso\/aceituna-partida-jaen\/","name":"Aceituna Partida Ja\u00e9n - Aceitunas Salinas","isPartOf":{"@id":"https:\/\/aceitunassalinas.com\/en\/#website"},"primaryImageOfPage":{"@id":"https:\/\/aceitunassalinas.com\/en\/tienda\/aceitunas-con-hueso\/aceituna-partida-jaen\/#primaryimage"},"image":{"@id":"https:\/\/aceitunassalinas.com\/tienda\/aceitunas-con-hueso\/aceituna-partida-jaen\/#primaryimage"},"thumbnailUrl":"https:\/\/aceitunassalinas.com\/wp-content\/uploads\/2015\/09\/aceituna-partida-jaen.jpg","datePublished":"2015-09-06T17:31:36+00:00","dateModified":"2026-02-20T17:09:31+00:00","breadcrumb":{"@id":"https:\/\/aceitunassalinas.com\/en\/tienda\/aceitunas-con-hueso\/aceituna-partida-jaen\/#breadcrumb"},"inLanguage":"en-US","potentialAction":[{"@type":"ReadAction","target":[["https:\/\/aceitunassalinas.com\/en\/tienda\/aceitunas-con-hueso\/aceituna-partida-jaen\/"]]}]},{"@type":"ImageObject","inLanguage":"en-US","@id":"https:\/\/aceitunassalinas.com\/en\/tienda\/aceitunas-con-hueso\/aceituna-partida-jaen\/#primaryimage","url":"https:\/\/aceitunassalinas.com\/wp-content\/uploads\/2015\/09\/aceituna-partida-jaen.jpg","contentUrl":"https:\/\/aceitunassalinas.com\/wp-content\/uploads\/2015\/09\/aceituna-partida-jaen.jpg","width":600,"height":450,"caption":"Aceituna Partida de Jaen"},{"@type":"BreadcrumbList","@id":"https:\/\/aceitunassalinas.com\/en\/tienda\/aceitunas-con-hueso\/aceituna-partida-jaen\/#breadcrumb","itemListElement":[{"@type":"ListItem","position":1,"name":"Portada","item":"https:\/\/aceitunassalinas.com\/en\/"},{"@type":"ListItem","position":2,"name":"Tienda","item":"https:\/\/aceitunassalinas.com\/en\/tienda\/"},{"@type":"ListItem","position":3,"name":"Aceituna Partida Ja\u00e9n"}]},{"@type":"WebSite","@id":"https:\/\/aceitunassalinas.com\/en\/#website","url":"https:\/\/aceitunassalinas.com\/en\/","name":"Aceitunas Salinas","description":"Las Aceitunas m\u00e1s Selectas de Andaluc\u00eda","publisher":{"@id":"https:\/\/aceitunassalinas.com\/en\/#organization"},"potentialAction":[{"@type":"SearchAction","target":{"@type":"EntryPoint","urlTemplate":"https:\/\/aceitunassalinas.com\/en\/?s={search_term_string}"},"query-input":{"@type":"PropertyValueSpecification","valueRequired":true,"valueName":"search_term_string"}}],"inLanguage":"en-US"},{"@type":"Organization","@id":"https:\/\/aceitunassalinas.com\/en\/#organization","name":"Aceitunas Salinas","url":"https:\/\/aceitunassalinas.com\/en\/","logo":{"@type":"ImageObject","inLanguage":"en-US","@id":"https:\/\/aceitunassalinas.com\/en\/#\/schema\/logo\/image\/","url":"https:\/\/aceitunassalinas.com\/wp-content\/uploads\/2015\/07\/logo-aceitunas-salinas.png","contentUrl":"https:\/\/aceitunassalinas.com\/wp-content\/uploads\/2015\/07\/logo-aceitunas-salinas.png","width":250,"height":76,"caption":"Aceitunas Salinas"},"image":{"@id":"https:\/\/aceitunassalinas.com\/en\/#\/schema\/logo\/image\/"}}]}},"_links":{"self":[{"href":"https:\/\/aceitunassalinas.com\/en\/wp-json\/wp\/v2\/product\/68","targetHints":{"allow":["GET"]}}],"collection":[{"href":"https:\/\/aceitunassalinas.com\/en\/wp-json\/wp\/v2\/product"}],"about":[{"href":"https:\/\/aceitunassalinas.com\/en\/wp-json\/wp\/v2\/types\/product"}],"replies":[{"embeddable":true,"href":"https:\/\/aceitunassalinas.com\/en\/wp-json\/wp\/v2\/comments?post=68"}],"wp:featuredmedia":[{"embeddable":true,"href":"https:\/\/aceitunassalinas.com\/en\/wp-json\/wp\/v2\/media\/74"}],"wp:attachment":[{"href":"https:\/\/aceitunassalinas.com\/en\/wp-json\/wp\/v2\/media?parent=68"}],"wp:term":[{"taxonomy":"product_brand","embeddable":true,"href":"https:\/\/aceitunassalinas.com\/en\/wp-json\/wp\/v2\/product_brand?post=68"},{"taxonomy":"product_cat","embeddable":true,"href":"https:\/\/aceitunassalinas.com\/en\/wp-json\/wp\/v2\/product_cat?post=68"},{"taxonomy":"product_tag","embeddable":true,"href":"https:\/\/aceitunassalinas.com\/en\/wp-json\/wp\/v2\/product_tag?post=68"}],"curies":[{"name":"wp","href":"https:\/\/api.w.org\/{rel}","templated":true}]}}